{"id":13915,"date":"2025-02-24T12:32:04","date_gmt":"2025-02-24T11:32:04","guid":{"rendered":"https:\/\/www.centroconsorzi.it\/digitalsummercamp\/prodotto\/digital-summer-camp-academy-edition\/"},"modified":"2025-05-07T19:21:13","modified_gmt":"2025-05-07T17:21:13","slug":"digital-summer-camp-academy-edition","status":"publish","type":"product","link":"https:\/\/www.centroconsorzi.it\/digitalsummercamp\/prodotto\/digital-summer-camp-academy-edition\/","title":{"rendered":"Digital Summer Camp &#8211; Academy Edition"},"content":{"rendered":"<p>Siamo lieti di annunciare il ritorno del nostro apprezzato percorso estivo! Forti delle esperienze passate, collaborazioni e del riconoscimento come FABLAB 2018 per la Divulgazione della Cultura Digitale conferitoci dalla Regione Veneto, presentiamo un&#8217;opportunit\u00e0 unica.<\/p>\n<p>Quest&#8217;anno per ogni settimana ci sar\u00e0 un progetto da sviluppare che verr\u00e0 compiuto all&#8217;interno della Settimana Stessa, i migliori progetti verranno selezionati per la partecipazione alla MAKER FAIRE DI TRIESTE.<\/p>\n<p><strong>Digital Summer Camp &#8211; Academy Edition<\/strong><\/p>\n<p style=\"padding-left: 40px;\">Et\u00e0: 6 -14 anni, fino a 15 partecipanti.<br \/>\nNon ci sono differenze di et\u00e0: Abbiamo appreso che l&#8217;apprendimento intergenerazionale, senza limiti di et\u00e0, arricchisce l&#8217;esperienza di tutti.<br \/>\nAperti tutta l&#8217;estate (tranne la settimana centrale di Agosto)!<\/p>\n<p><strong>ORARI<\/strong><\/p>\n<p style=\"padding-left: 40px;\">7:30-8:15 Accoglienza<br \/>\n8:15 Attivit\u00e0 di risveglio cognitivo<\/p>\n<p style=\"padding-left: 40px;\">9:00 Inizio dei laboratori<br \/>\n10:30 pausa intermedia (merenda consumabile al sacco preparata a casa)<\/p>\n<p style=\"padding-left: 40px;\">10:50 laboratori di approfondimento<br \/>\n12:10 fine dei laboratori<\/p>\n<p><strong>FINE ATTIVITA&#8217;<\/strong><br \/>\nPossibilit\u00e0 di recuperare i ragazzi dalle 12:30 alle 14:00<\/p>\n<p style=\"padding-left: 40px;\">12:30 Pausa pranzo per chi resta (consumabile al sacco preparato a casa)<br \/>\n13:00 Attivit\u00e0 di esplorazione libera guidata<br \/>\n14:00 Chiusura<\/p>\n<p><em>SOLO PER LA SEDE DI BELLUNO E&#8217; ATTIVABILE IL POMERIGGIO CON DISPONIBILITA&#8217; DI ASSISTENZA FINO ALLE 18:00<\/em><\/p>\n<p><strong>Argomenti Trattati:<\/strong><\/p>\n<p style=\"padding-left: 40px;\">Stampa 3D, Robotica con LEGO e Scratch, Internet, S.T.E.A.M., Informatica, Ecosistemi Sonori, e molto altro.<\/p>\n<p><strong>Costo Partecipazione:<\/strong><\/p>\n<p style=\"padding-left: 40px;\">Bambini e Ragazzi: 180\u20ac\/settimana (comprensivo di Maglietta e Kit di accoglienza).<br \/>\nPomeriggio oltre le 14:00 solo presso la Sede di Belluno +50\u20ac\/settimana.<br \/>\n50% di sconto per ogni fratello che frequenta la stessa settimana.<br \/>\nSolo per chi ha gi\u00e0 frequentato almeno una settimana intera precedente: 25\u20ac per una giornata una tantum.<br \/>\nISEE Inferiore ai 15.000,00\u20ac potr\u00e0 agevolare di una tariffa personalizzata, mediante preaccordo da richiedere alla mail fablab@centroconsorzi.it inviando copia dell&#8217;attestazione.<\/p>\n<p><strong>&#8211; EARLY BIRD &#8211; Sconto particolare<\/strong><\/p>\n<p style=\"padding-left: 40px;\">PER TUTTI I GIA&#8217; SOCI DALL&#8217;ANNO PRIMA (2024) e per EARLY BIRD (fino al 09\/06) per pi\u00f9 di due settimane prezzo \u20ac120\/settimana (nessuno sconto \u00e8 cumulabile per fratelli);<\/p>\n<p>Sempre pagati anticipatamente.<\/p>\n<p><strong>Pagamento:<\/strong><\/p>\n<p style=\"padding-left: 40px;\">Anticipato.<br \/>\nFatturazione settimanale.<br \/>\nL&#8217;iscrizione obbligatoria quale socio (volontario o sostenitore) all&#8217;Associazione Fablab Dolomiti (35\u20ac all\u2019anno), indicazioni sul versamento della quota verranno date dopo l&#8217;iscrizione<\/p>\n<p><strong>Pranzo:<\/strong><br \/>\nPasto non incluso, possibilit\u00e0 di pranzo al sacco<\/p>\n<p><strong>Contatti per informazioni:<\/strong><br \/>\nMail: fablab@centroconsorzi.it<br \/>\nTel: 0437 851 357<\/p>\n<p>Non vediamo l&#8217;ora di iniziare!<\/p>\n","protected":false},"excerpt":{"rendered":"<p>Siamo lieti di annunciare il ritorno del nostro apprezzato percorso estivo! Forti delle esperienze passate, collaborazioni e del riconoscimento come FABLAB 2018 per la Divulgazione della Cultura Digitale conferitoci dalla Regione Veneto, presentiamo un&#8217;opportunit\u00e0 unica. Quest&#8217;anno per ogni settimana ci sar\u00e0 un progetto da sviluppare che verr\u00e0 compiuto all&#8217;interno della Settimana Stessa, i migliori progetti [&hellip;]<\/p>\n","protected":false},"featured_media":13967,"template":"","meta":[],"product_brand":[],"product_cat":[78],"product_tag":[],"class_list":{"0":"post-13915","1":"product","2":"type-product","3":"status-publish","4":"has-post-thumbnail","6":"product_cat-centri-estivi","8":"first","9":"instock","10":"purchasable","11":"product-type-variable"},"bundle_layout":"","bundled_by":[],"bundled_items":[],"_links":{"self":[{"href":"https:\/\/www.centroconsorzi.it\/digitalsummercamp\/wp-json\/wp\/v2\/product\/13915","targetHints":{"allow":["GET"]}}],"collection":[{"href":"https:\/\/www.centroconsorzi.it\/digitalsummercamp\/wp-json\/wp\/v2\/product"}],"about":[{"href":"https:\/\/www.centroconsorzi.it\/digitalsummercamp\/wp-json\/wp\/v2\/types\/product"}],"wp:featuredmedia":[{"embeddable":true,"href":"https:\/\/www.centroconsorzi.it\/digitalsummercamp\/wp-json\/wp\/v2\/media\/13967"}],"wp:attachment":[{"href":"https:\/\/www.centroconsorzi.it\/digitalsummercamp\/wp-json\/wp\/v2\/media?parent=13915"}],"wp:term":[{"taxonomy":"product_brand","embeddable":true,"href":"https:\/\/www.centroconsorzi.it\/digitalsummercamp\/wp-json\/wp\/v2\/product_brand?post=13915"},{"taxonomy":"product_cat","embeddable":true,"href":"https:\/\/www.centroconsorzi.it\/digitalsummercamp\/wp-json\/wp\/v2\/product_cat?post=13915"},{"taxonomy":"product_tag","embeddable":true,"href":"https:\/\/www.centroconsorzi.it\/digitalsummercamp\/wp-json\/wp\/v2\/product_tag?post=13915"}],"curies":[{"name":"wp","href":"https:\/\/api.w.org\/{rel}","templated":true}]}}